{"id":3102,"date":"2024-07-30T12:58:32","date_gmt":"2024-07-30T12:58:32","guid":{"rendered":"https:\/\/hells-angels-alentejo.com\/?page_id=3102"},"modified":"2024-09-04T13:28:56","modified_gmt":"2024-09-04T13:28:56","slug":"history","status":"publish","type":"page","link":"https:\/\/hells-angels-alentejo.com\/pt\/history\/","title":{"rendered":"Hist\u00f3ria"},"content":{"rendered":"<div data-elementor-type=\"wp-page\" data-elementor-id=\"3102\" class=\"elementor elementor-3102\">\n\t\t\t\t<div class=\"elementor-element elementor-element-317c8df e-flex e-con-boxed e-con e-parent\" data-id=\"317c8df\" data-element_type=\"container\">\n\t\t\t\t\t<div class=\"e-con-inner\">\n\t\t\t\t<div class=\"elementor-element elementor-element-cc4ebbc elementor-widget elementor-widget-heading\" data-id=\"cc4ebbc\" data-element_type=\"widget\" data-widget_type=\"heading.default\">\n\t\t\t\t<div class=\"elementor-widget-container\">\n\t\t\t<style>\/*! elementor - v3.23.0 - 05-08-2024 *\/\n.elementor-heading-title{padding:0;margin:0;line-height:1}.elementor-widget-heading .elementor-heading-title[class*=elementor-size-]>a{color:inherit;font-size:inherit;line-height:inherit}.elementor-widget-heading .elementor-heading-title.elementor-size-small{font-size:15px}.elementor-widget-heading .elementor-heading-title.elementor-size-medium{font-size:19px}.elementor-widget-heading .elementor-heading-title.elementor-size-large{font-size:29px}.elementor-widget-heading .elementor-heading-title.elementor-size-xl{font-size:39px}.elementor-widget-heading .elementor-heading-title.elementor-size-xxl{font-size:59px}<\/style><h2 class=\"elementor-heading-title elementor-size-default\">A funda\u00e7\u00e3o dos Hells Angels Motrocycle Club<\/h2>\t\t<\/div>\n\t\t\t\t<\/div>\n\t\t\t\t\t<\/div>\n\t\t\t\t<\/div>\n\t\t<div class=\"elementor-element elementor-element-4325af5 e-flex e-con-boxed e-con e-parent\" data-id=\"4325af5\" data-element_type=\"container\">\n\t\t\t\t\t<div class=\"e-con-inner\">\n\t\t\t\t<div class=\"elementor-element elementor-element-87dcc20 elementor-widget elementor-widget-spacer\" data-id=\"87dcc20\" data-element_type=\"widget\" data-widget_type=\"spacer.default\">\n\t\t\t\t<div class=\"elementor-widget-container\">\n\t\t\t<style>\/*! elementor - v3.23.0 - 05-08-2024 *\/\n.elementor-column .elementor-spacer-inner{height:var(--spacer-size)}.e-con{--container-widget-width:100%}.e-con-inner>.elementor-widget-spacer,.e-con>.elementor-widget-spacer{width:var(--container-widget-width,var(--spacer-size));--align-self:var(--container-widget-align-self,initial);--flex-shrink:0}.e-con-inner>.elementor-widget-spacer>.elementor-widget-container,.e-con>.elementor-widget-spacer>.elementor-widget-container{height:100%;width:100%}.e-con-inner>.elementor-widget-spacer>.elementor-widget-container>.elementor-spacer,.e-con>.elementor-widget-spacer>.elementor-widget-container>.elementor-spacer{height:100%}.e-con-inner>.elementor-widget-spacer>.elementor-widget-container>.elementor-spacer>.elementor-spacer-inner,.e-con>.elementor-widget-spacer>.elementor-widget-container>.elementor-spacer>.elementor-spacer-inner{height:var(--container-widget-height,var(--spacer-size))}.e-con-inner>.elementor-widget-spacer.elementor-widget-empty,.e-con>.elementor-widget-spacer.elementor-widget-empty{position:relative;min-height:22px;min-width:22px}.e-con-inner>.elementor-widget-spacer.elementor-widget-empty .elementor-widget-empty-icon,.e-con>.elementor-widget-spacer.elementor-widget-empty .elementor-widget-empty-icon{position:absolute;top:0;bottom:0;left:0;right:0;margin:auto;padding:0;width:22px;height:22px}<\/style>\t\t<div class=\"elementor-spacer\">\n\t\t\t<div class=\"elementor-spacer-inner\"><\/div>\n\t\t<\/div>\n\t\t\t\t<\/div>\n\t\t\t\t<\/div>\n\t\t\t\t<div class=\"elementor-element elementor-element-d300c97 elementor-widget elementor-widget-image\" data-id=\"d300c97\" data-element_type=\"widget\" data-widget_type=\"image.default\">\n\t\t\t\t<div class=\"elementor-widget-container\">\n\t\t\t<style>\/*! elementor - v3.23.0 - 05-08-2024 *\/\n.elementor-widget-image{text-align:center}.elementor-widget-image a{display:inline-block}.elementor-widget-image a img[src$=\".svg\"]{width:48px}.elementor-widget-image img{vertical-align:middle;display:inline-block}<\/style>\t\t\t\t\t\t\t\t\t\t<img fetchpriority=\"high\" decoding=\"async\" width=\"1024\" height=\"398\" src=\"https:\/\/hells-angels-alentejo.com\/wp-content\/uploads\/2024\/07\/hells-angels-01-e1722344547209-1024x398.jpg\" class=\"attachment-large size-large wp-image-3104\" alt=\"Hells Angels\" \/>\t\t\t\t\t\t\t\t\t\t\t\t\t<\/div>\n\t\t\t\t<\/div>\n\t\t\t\t\t<\/div>\n\t\t\t\t<\/div>\n\t\t<div class=\"elementor-element elementor-element-0a60f57 e-flex e-con-boxed e-con e-parent\" data-id=\"0a60f57\" data-element_type=\"container\">\n\t\t\t\t\t<div class=\"e-con-inner\">\n\t\t\t\t<div class=\"elementor-element elementor-element-45a14de elementor-widget elementor-widget-spacer\" data-id=\"45a14de\" data-element_type=\"widget\" data-widget_type=\"spacer.default\">\n\t\t\t\t<div class=\"elementor-widget-container\">\n\t\t\t\t\t<div class=\"elementor-spacer\">\n\t\t\t<div class=\"elementor-spacer-inner\"><\/div>\n\t\t<\/div>\n\t\t\t\t<\/div>\n\t\t\t\t<\/div>\n\t\t\t\t<div class=\"elementor-element elementor-element-6119cb9 elementor-widget elementor-widget-text-editor\" data-id=\"6119cb9\" data-element_type=\"widget\" data-widget_type=\"text-editor.default\">\n\t\t\t\t<div class=\"elementor-widget-container\">\n\t\t\t<style>\/*! elementor - v3.23.0 - 05-08-2024 *\/\n.elementor-widget-text-editor.elementor-drop-cap-view-stacked .elementor-drop-cap{background-color:#69727d;color:#fff}.elementor-widget-text-editor.elementor-drop-cap-view-framed .elementor-drop-cap{color:#69727d;border:3px solid;background-color:transparent}.elementor-widget-text-editor:not(.elementor-drop-cap-view-default) .elementor-drop-cap{margin-top:8px}.elementor-widget-text-editor:not(.elementor-drop-cap-view-default) .elementor-drop-cap-letter{width:1em;height:1em}.elementor-widget-text-editor .elementor-drop-cap{float:left;text-align:center;line-height:1;font-size:50px}.elementor-widget-text-editor .elementor-drop-cap-letter{display:inline-block}<\/style>\t\t\t\t<p>Em 17 de mar\u00e7o de 1948, o primeiro clube de motociclistas Hells Angels foi fundado na zona de Fontana\/San Bernardino, nos Estados Unidos. Na mesma altura, formaram-se outros clubes de motociclistas em v\u00e1rias partes da Calif\u00f3rnia, mas nenhum deles estava associado aos Hells Angels ou entre si. A maioria destes clubes j\u00e1 n\u00e3o existe, mas o Berdoo charter (San Bernardino) ainda est\u00e1 ativo.<\/p><p>Durante a d\u00e9cada de 1950, foram criadas mais associa\u00e7\u00f5es de Hells Angels. Inicialmente, estas associa\u00e7\u00f5es n\u00e3o tinham qualquer liga\u00e7\u00e3o entre si, mas passados alguns anos, uniram-se e estabeleceram crit\u00e9rios de admiss\u00e3o regulares. Deixando de ser um fen\u00f3meno exclusivamente californiano, o clube expandiu-se internacionalmente em 1961, com a primeira carta constitutiva fora da Calif\u00f3rnia a ser adoptada em Auckland, na Nova Zel\u00e2ndia. Ao longo da d\u00e9cada de 1960, os Hells Angels espalharam-se pela costa leste dos EUA e, mais tarde, pelo Midwest.<\/p><p>Em 30 de julho de 1969, a primeira carta europeia dos Hells Angels foi aceite em Londres, Inglaterra. Atualmente, existem mais de 275 associa\u00e7\u00f5es s\u00f3 na Europa. No final da d\u00e9cada de 1970, foram admitidos clubes australianos e, em 1984, o Rio de Janeiro, Brasil, tornou-se o primeiro clube sul-americano. Em 1993, os Hells Angels chegaram ao continente africano com uma funda\u00e7\u00e3o em Joanesburgo, \u00c1frica do Sul. No novo mil\u00e9nio, a Europa de Leste recebeu a sua primeira carta constitutiva dos Hells Angels e, desde ent\u00e3o, muitos outros pa\u00edses adoptaram a agora famosa cabe\u00e7a alada da Morte.<\/p><p>O Hells Angels Motorcycle Club espalhou-se por todo o mundo, desde o Alasca e a Noruega, no extremo norte, at\u00e9 \u00e0 \u00c1frica do Sul e \u00e0 Argentina, no hemisf\u00e9rio sul. O clube est\u00e1 presente em todo o mundo, desde as ilhas das Cara\u00edbas at\u00e9 \u00e0 Turquia, que se tornou o primeiro pa\u00eds mu\u00e7ulmano a aderir ao clube em 2009.<\/p><p>A admiss\u00e3o de clubes de todo o mundo trouxe mudan\u00e7as \u00e0 estrutura dos Hells Angels. O pequeno clube de motociclistas de Berdoo \u00e9 agora a Carta M\u00e3e da maior irmandade de motociclistas do mundo, o HELLS ANGELS MOTORCYCLE CLUB WORLD. Atualmente, o Hells Angels MC World tem filiais na Am\u00e9rica do Norte, Am\u00e9rica Central, Am\u00e9rica do Sul, Europa, Austr\u00e1lia, \u00c1frica e \u00c1sia.<\/p>\t\t\t\t\t\t<\/div>\n\t\t\t\t<\/div>\n\t\t\t\t<div class=\"elementor-element elementor-element-7f09188 elementor-widget elementor-widget-spacer\" data-id=\"7f09188\" data-element_type=\"widget\" data-widget_type=\"spacer.default\">\n\t\t\t\t<div class=\"elementor-widget-container\">\n\t\t\t\t\t<div class=\"elementor-spacer\">\n\t\t\t<div class=\"elementor-spacer-inner\"><\/div>\n\t\t<\/div>\n\t\t\t\t<\/div>\n\t\t\t\t<\/div>\n\t\t\t\t\t<\/div>\n\t\t\t\t<\/div>\n\t\t<div class=\"elementor-element elementor-element-4217e1e e-flex e-con-boxed e-con e-parent\" data-id=\"4217e1e\" data-element_type=\"container\">\n\t\t\t\t\t<div class=\"e-con-inner\">\n\t\t<div class=\"elementor-element elementor-element-0da8e66 e-con-full e-flex e-con e-child\" data-id=\"0da8e66\" data-element_type=\"container\">\n\t\t\t\t<div class=\"elementor-element elementor-element-3cf1795 elementor-widget elementor-widget-image\" data-id=\"3cf1795\" data-element_type=\"widget\" data-widget_type=\"image.default\">\n\t\t\t\t<div class=\"elementor-widget-container\">\n\t\t\t\t\t\t\t\t\t\t\t\t\t<img decoding=\"async\" width=\"1024\" height=\"686\" data-src=\"https:\/\/hells-angels-alentejo.com\/wp-content\/uploads\/2024\/07\/hells-angels-02-1024x686-1.jpg\" class=\"attachment-large size-large wp-image-3105 lazyload\" alt=\"Hells Angels\" src=\"data:image\/gif;base64,R0lGODlhAQABAAAAACH5BAEKAAEALAAAAAABAAEAAAICTAEAOw==\" style=\"--smush-placeholder-width: 1024px; --smush-placeholder-aspect-ratio: 1024\/686;\" \/><noscript><img decoding=\"async\" width=\"1024\" height=\"686\" src=\"https:\/\/hells-angels-alentejo.com\/wp-content\/uploads\/2024\/07\/hells-angels-02-1024x686-1.jpg\" class=\"attachment-large size-large wp-image-3105\" alt=\"Hells Angels\" \/><\/noscript>\t\t\t\t\t\t\t\t\t\t\t\t\t<\/div>\n\t\t\t\t<\/div>\n\t\t\t\t<\/div>\n\t\t<div class=\"elementor-element elementor-element-ec22a14 e-con-full e-flex e-con e-child\" data-id=\"ec22a14\" data-element_type=\"container\">\n\t\t\t\t<div class=\"elementor-element elementor-element-542a37e elementor-widget elementor-widget-image\" data-id=\"542a37e\" data-element_type=\"widget\" data-widget_type=\"image.default\">\n\t\t\t\t<div class=\"elementor-widget-container\">\n\t\t\t\t\t\t\t\t\t\t\t\t\t<img decoding=\"async\" width=\"1024\" height=\"689\" data-src=\"https:\/\/hells-angels-alentejo.com\/wp-content\/uploads\/2024\/07\/hells-angels-12-1024x689-1.jpg\" class=\"attachment-large size-large wp-image-3109 lazyload\" alt=\"Hells Angels\" src=\"data:image\/gif;base64,R0lGODlhAQABAAAAACH5BAEKAAEALAAAAAABAAEAAAICTAEAOw==\" style=\"--smush-placeholder-width: 1024px; --smush-placeholder-aspect-ratio: 1024\/689;\" \/><noscript><img decoding=\"async\" width=\"1024\" height=\"689\" src=\"https:\/\/hells-angels-alentejo.com\/wp-content\/uploads\/2024\/07\/hells-angels-12-1024x689-1.jpg\" class=\"attachment-large size-large wp-image-3109\" alt=\"Hells Angels\" \/><\/noscript>\t\t\t\t\t\t\t\t\t\t\t\t\t<\/div>\n\t\t\t\t<\/div>\n\t\t\t\t<\/div>\n\t\t\t\t\t<\/div>\n\t\t\t\t<\/div>\n\t\t<div class=\"elementor-element elementor-element-d0caf22 e-flex e-con-boxed e-con e-parent\" data-id=\"d0caf22\" data-element_type=\"container\">\n\t\t\t\t\t<div class=\"e-con-inner\">\n\t\t\t\t<div class=\"elementor-element elementor-element-fc5f2b4 elementor-widget elementor-widget-heading\" data-id=\"fc5f2b4\" data-element_type=\"widget\" data-widget_type=\"heading.default\">\n\t\t\t\t<div class=\"elementor-widget-container\">\n\t\t\t<h2 class=\"elementor-heading-title elementor-size-default\">Esclarecimento sobre a linhagem do Hells Angels Motrocyle Club<\/h2>\t\t<\/div>\n\t\t\t\t<\/div>\n\t\t\t\t<div class=\"elementor-element elementor-element-aa2e45f elementor-widget elementor-widget-spacer\" data-id=\"aa2e45f\" data-element_type=\"widget\" data-widget_type=\"spacer.default\">\n\t\t\t\t<div class=\"elementor-widget-container\">\n\t\t\t\t\t<div class=\"elementor-spacer\">\n\t\t\t<div class=\"elementor-spacer-inner\"><\/div>\n\t\t<\/div>\n\t\t\t\t<\/div>\n\t\t\t\t<\/div>\n\t\t\t\t<div class=\"elementor-element elementor-element-f773db0 elementor-widget elementor-widget-text-editor\" data-id=\"f773db0\" data-element_type=\"widget\" data-widget_type=\"text-editor.default\">\n\t\t\t\t<div class=\"elementor-widget-container\">\n\t\t\t\t\t\t\t<div class=\"flex flex-grow flex-col max-w-full\"><div class=\"min-h-[20px] text-message flex w-full flex-col items-end gap-2 whitespace-pre-wrap break-words [.text-message+&amp;]:mt-5 overflow-x-auto\" dir=\"auto\" data-message-author-role=\"assistant\" data-message-id=\"c1f8a191-2cb9-42e8-9c76-e13b8532981c\"><div class=\"flex w-full flex-col gap-1 empty:hidden first:pt-[3px]\"><div class=\"markdown prose w-full break-words dark:prose-invert light\"><p>Durante muitos anos, o Hells Angels Motorcycle Club (HAMC) foi erradamente associado ao Hell's Angels Bomber B-17 Group da Segunda Guerra Mundial. Este mito foi perpetuado por relatos incorrectos de autores e jornalistas que associaram o clube a antigos militares que procuravam aventura no p\u00f3s-guerra. Estes relatos afirmam falsamente que os Hells Angels foram formados por ex-militares que eram frequentemente retratados como inadaptados e b\u00eabados incapazes de se adaptarem \u00e0 vida civil. Tais afirma\u00e7\u00f5es carecem de base factual e desrespeitam os princ\u00edpios da informa\u00e7\u00e3o verdadeira.<\/p><p>Uma an\u00e1lise hist\u00f3rica completa do 303\u00ba Grupo de Bombardeamento, a unidade em quest\u00e3o, revela uma hist\u00f3ria diferente. O 303\u00ba Grupo, conhecido pela sua disciplina rigorosa, n\u00e3o tolerava insubordina\u00e7\u00e3o ou comportamentos de embriaguez entre os seus membros. Qualquer comportamento desse g\u00e9nero teria comprometido gravemente a sua efic\u00e1cia em combate e teria sido rapidamente abordado. Documenta\u00e7\u00e3o, como \u201cMight in Flight\u201d de Harry D. Gobrect, detalha a natureza disciplinada e os feitos da 303\u00aa, incluindo o not\u00e1vel B-17F chamado \u201cHells Angels\u201d que completou 48 miss\u00f5es de combate antes da sua retirada.<\/p><p>Os factos mostram claramente que o 303\u00ba \u201cHell's Angels\u201d era pilotado por aviadores dedicados e motivados. Estes homens n\u00e3o eram os indiv\u00edduos indisciplinados descritos nos mitos. A unidade, estacionada em Inglaterra de 1942 a 1945, voou 364 miss\u00f5es de combate, destruiu ou danificou 664 avi\u00f5es inimigos e perdeu 210 B-17 em combate. Os feitos de combate da 303\u00aa est\u00e3o bem documentados e n\u00e3o t\u00eam qualquer rela\u00e7\u00e3o com a forma\u00e7\u00e3o da HAMC.<\/p><p>Uma investiga\u00e7\u00e3o exaustiva confirma que n\u00e3o existe qualquer liga\u00e7\u00e3o entre o HAMC e o 303\u00ba Grupo de Bombardeamento. A \u00fanica liga\u00e7\u00e3o \u00e9 a partilha do nome \u201cHells Angels\u201d. O HAMC registou o seu nome e a sua ins\u00edgnia, incluindo o log\u00f3tipo \u201cDeath Head\u201d, que \u00e9 protegido de forma agressiva.<\/p><p>O nome \u201cHells Angels\u201d foi utilizado por v\u00e1rias unidades militares durante a Segunda Guerra Mundial, incluindo outros grupos de bombardeiros, um esquadr\u00e3o de ca\u00e7as do Corpo de Fuzileiros Navais e um esquadr\u00e3o de ca\u00e7as P-38 Lightning. A \u00fanica figura militar ligada \u00e0 funda\u00e7\u00e3o do HAMC \u00e9 Arvid Olson, um antigo l\u00edder do 3\u00ba Esquadr\u00e3o de Persegui\u00e7\u00e3o \u201cHells Angels\u201d do Grupo de Volunt\u00e1rios Americanos (AVG), conhecido como os Tigres Voadores. Embora Olson tenha sugerido o nome aos fundadores do HAMC, nunca se tornou membro.<\/p><p>O AVG foi uma opera\u00e7\u00e3o militar secreta dos EUA autorizada pelo Presidente Franklin D. Roosevelt em 1940 para ajudar a China contra o Jap\u00e3o. O AVG, equipado com avi\u00f5es de combate P-40, foi formado atrav\u00e9s do recrutamento de pessoal do Ex\u00e9rcito, da Marinha e do Corpo de Fuzileiros Navais. Os resultados do AVG foram not\u00e1veis, com um registo de 297 avi\u00f5es japoneses destru\u00eddos, embora algumas estimativas sejam muito mais elevadas. A unidade foi dissolvida em 1942 e os seus membros sobreviventes foram mais tarde reconhecidos pelos seus servi\u00e7os.<\/p><p>A liga\u00e7\u00e3o entre o HAMC e o esquadr\u00e3o \u201cHells Angels\u201d do AVG limita-se \u00e0 sugest\u00e3o do nome por Olson. As cores do HAMC, vermelho e branco, e a sua ins\u00edgnia \u201cDeath Head\u201d s\u00e3o influenciadas por desenhos militares, mas a identidade e o legado do clube s\u00e3o distintos de qualquer unidade militar. O Hells Angels Motorcycle Club, fundado em Fontana, Calif\u00f3rnia, em 1948, tornou-se numa irmandade global com uma hist\u00f3ria e cultura \u00fanicas.<\/p><\/div><\/div><\/div><\/div>\t\t\t\t\t\t<\/div>\n\t\t\t\t<\/div>\n\t\t\t\t<div class=\"elementor-element elementor-element-39e1ea2 elementor-widget elementor-widget-spacer\" data-id=\"39e1ea2\" data-element_type=\"widget\" data-widget_type=\"spacer.default\">\n\t\t\t\t<div class=\"elementor-widget-container\">\n\t\t\t\t\t<div class=\"elementor-spacer\">\n\t\t\t<div class=\"elementor-spacer-inner\"><\/div>\n\t\t<\/div>\n\t\t\t\t<\/div>\n\t\t\t\t<\/div>\n\t\t\t\t\t<\/div>\n\t\t\t\t<\/div>\n\t\t<div class=\"elementor-element elementor-element-f66b14a e-flex e-con-boxed e-con e-parent\" data-id=\"f66b14a\" data-element_type=\"container\">\n\t\t\t\t\t<div class=\"e-con-inner\">\n\t\t<div class=\"elementor-element elementor-element-d4b35a3 e-con-full e-flex e-con e-child\" data-id=\"d4b35a3\" data-element_type=\"container\">\n\t\t\t\t<div class=\"elementor-element elementor-element-c1a5832 elementor-widget elementor-widget-image\" data-id=\"c1a5832\" data-element_type=\"widget\" data-widget_type=\"image.default\">\n\t\t\t\t<div class=\"elementor-widget-container\">\n\t\t\t\t\t\t\t\t\t\t\t\t\t<img loading=\"lazy\" decoding=\"async\" width=\"1024\" height=\"682\" data-src=\"https:\/\/hells-angels-alentejo.com\/wp-content\/uploads\/2024\/07\/hells-angels-11-1024x682-1.jpg\" class=\"attachment-large size-large wp-image-3108 lazyload\" alt=\"Hells Angels\" src=\"data:image\/gif;base64,R0lGODlhAQABAAAAACH5BAEKAAEALAAAAAABAAEAAAICTAEAOw==\" style=\"--smush-placeholder-width: 1024px; --smush-placeholder-aspect-ratio: 1024\/682;\" \/><noscript><img loading=\"lazy\" decoding=\"async\" width=\"1024\" height=\"682\" src=\"https:\/\/hells-angels-alentejo.com\/wp-content\/uploads\/2024\/07\/hells-angels-11-1024x682-1.jpg\" class=\"attachment-large size-large wp-image-3108\" alt=\"Hells Angels\" \/><\/noscript>\t\t\t\t\t\t\t\t\t\t\t\t\t<\/div>\n\t\t\t\t<\/div>\n\t\t\t\t<div class=\"elementor-element elementor-element-6a622c3 elementor-widget elementor-widget-spacer\" data-id=\"6a622c3\" data-element_type=\"widget\" data-widget_type=\"spacer.default\">\n\t\t\t\t<div class=\"elementor-widget-container\">\n\t\t\t\t\t<div class=\"elementor-spacer\">\n\t\t\t<div class=\"elementor-spacer-inner\"><\/div>\n\t\t<\/div>\n\t\t\t\t<\/div>\n\t\t\t\t<\/div>\n\t\t\t\t<\/div>\n\t\t<div class=\"elementor-element elementor-element-18a4267 e-con-full e-flex e-con e-child\" data-id=\"18a4267\" data-element_type=\"container\">\n\t\t\t\t<div class=\"elementor-element elementor-element-edc687b elementor-widget elementor-widget-image\" data-id=\"edc687b\" data-element_type=\"widget\" data-widget_type=\"image.default\">\n\t\t\t\t<div class=\"elementor-widget-container\">\n\t\t\t\t\t\t\t\t\t\t\t\t\t<img loading=\"lazy\" decoding=\"async\" width=\"1024\" height=\"686\" data-src=\"https:\/\/hells-angels-alentejo.com\/wp-content\/uploads\/2024\/07\/hells-angels-04-1024x686-1.jpg\" class=\"attachment-large size-large wp-image-3106 lazyload\" alt=\"Hells Angels\" src=\"data:image\/gif;base64,R0lGODlhAQABAAAAACH5BAEKAAEALAAAAAABAAEAAAICTAEAOw==\" style=\"--smush-placeholder-width: 1024px; --smush-placeholder-aspect-ratio: 1024\/686;\" \/><noscript><img loading=\"lazy\" decoding=\"async\" width=\"1024\" height=\"686\" src=\"https:\/\/hells-angels-alentejo.com\/wp-content\/uploads\/2024\/07\/hells-angels-04-1024x686-1.jpg\" class=\"attachment-large size-large wp-image-3106\" alt=\"Hells Angels\" \/><\/noscript>\t\t\t\t\t\t\t\t\t\t\t\t\t<\/div>\n\t\t\t\t<\/div>\n\t\t\t\t<\/div>\n\t\t\t\t\t<\/div>\n\t\t\t\t<\/div>\n\t\t\t\t<\/div>","protected":false},"excerpt":{"rendered":"<p>The Founding of the Hells Angels Motorcycle Club On March 17, 1948, the first Hells Angels Motorcycle Club was established in the Fontana\/San Bernardino area of the United States. Around the same time, other motorcycle clubs were formed in various parts of California, but none were affiliated with the Hells Angels or with each other. [&hellip;]<\/p>","protected":false},"author":2,"featured_media":0,"parent":0,"menu_order":0,"comment_status":"closed","ping_status":"closed","template":"elementor_header_footer","meta":{"_uag_custom_page_level_css":"","site-sidebar-layout":"no-sidebar","site-content-layout":"page-builder","ast-site-content-layout":"full-width-container","site-content-style":"default","site-sidebar-style":"default","ast-global-header-display":"","ast-banner-title-visibility":"","ast-main-header-display":"","ast-hfb-above-header-display":"","ast-hfb-below-header-display":"","ast-hfb-mobile-header-display":"","site-post-title":"disabled","ast-breadcrumbs-content":"","ast-featured-img":"disabled","footer-sml-layout":"","theme-transparent-header-meta":"","adv-header-id-meta":"","stick-header-meta":"","header-above-stick-meta":"","header-main-stick-meta":"","header-below-stick-meta":"","astra-migrate-meta-layouts":"set","ast-page-background-enabled":"default","ast-page-background-meta":{"desktop":{"background-color":"","background-image":"","background-repeat":"repeat","background-position":"center center","background-size":"auto","background-attachment":"scroll","background-type":"","background-media":"","overlay-type":"","overlay-color":"","overlay-opacity":"","overlay-gradient":""},"tablet":{"background-color":"","background-image":"","background-repeat":"repeat","background-position":"center center","background-size":"auto","background-attachment":"scroll","background-type":"","background-media":"","overlay-type":"","overlay-color":"","overlay-opacity":"","overlay-gradient":""},"mobile":{"background-color":"","background-image":"","background-repeat":"repeat","background-position":"center center","background-size":"auto","background-attachment":"scroll","background-type":"","background-media":"","overlay-type":"","overlay-color":"","overlay-opacity":"","overlay-gradient":""}},"ast-content-background-meta":{"desktop":{"background-color":"var(--ast-global-color-5)","background-image":"","background-repeat":"repeat","background-position":"center center","background-size":"auto","background-attachment":"scroll","background-type":"","background-media":"","overlay-type":"","overlay-color":"","overlay-opacity":"","overlay-gradient":""},"tablet":{"background-color":"var(--ast-global-color-5)","background-image":"","background-repeat":"repeat","background-position":"center center","background-size":"auto","background-attachment":"scroll","background-type":"","background-media":"","overlay-type":"","overlay-color":"","overlay-opacity":"","overlay-gradient":""},"mobile":{"background-color":"var(--ast-global-color-5)","background-image":"","background-repeat":"repeat","background-position":"center center","background-size":"auto","background-attachment":"scroll","background-type":"","background-media":"","overlay-type":"","overlay-color":"","overlay-opacity":"","overlay-gradient":""}},"footnotes":""},"class_list":["post-3102","page","type-page","status-publish","hentry"],"jetpack_sharing_enabled":true,"uagb_featured_image_src":{"full":false,"thumbnail":false,"medium":false,"medium_large":false,"large":false,"1536x1536":false,"2048x2048":false,"trp-custom-language-flag":false,"mailpoet_newsletter_max":false,"woocommerce_thumbnail":false,"woocommerce_single":false,"woocommerce_gallery_thumbnail":false},"uagb_author_info":{"display_name":"admin","author_link":"https:\/\/hells-angels-alentejo.com\/pt\/author\/admin-2\/"},"uagb_comment_info":0,"uagb_excerpt":"The Founding of the Hells Angels Motorcycle Club On March 17, 1948, the first Hells Angels Motorcycle Club was established in the Fontana\/San Bernardino area of the United States. Around the same time, other motorcycle clubs were formed in various parts of California, but none were affiliated with the Hells Angels or with each other.&hellip;","rttpg_featured_image_url":null,"rttpg_author":{"display_name":"admin","author_link":"https:\/\/hells-angels-alentejo.com\/pt\/author\/admin-2\/"},"rttpg_comment":0,"rttpg_category":null,"rttpg_excerpt":"The Founding of the Hells Angels Motorcycle Club On March 17, 1948, the first Hells Angels Motorcycle Club was established in the Fontana\/San Bernardino area of the United States. Around the same time, other motorcycle clubs were formed in various parts of California, but none were affiliated with the Hells Angels or with each other.&hellip;","_links":{"self":[{"href":"https:\/\/hells-angels-alentejo.com\/pt\/wp-json\/wp\/v2\/pages\/3102","targetHints":{"allow":["GET"]}}],"collection":[{"href":"https:\/\/hells-angels-alentejo.com\/pt\/wp-json\/wp\/v2\/pages"}],"about":[{"href":"https:\/\/hells-angels-alentejo.com\/pt\/wp-json\/wp\/v2\/types\/page"}],"author":[{"embeddable":true,"href":"https:\/\/hells-angels-alentejo.com\/pt\/wp-json\/wp\/v2\/users\/2"}],"replies":[{"embeddable":true,"href":"https:\/\/hells-angels-alentejo.com\/pt\/wp-json\/wp\/v2\/comments?post=3102"}],"version-history":[{"count":13,"href":"https:\/\/hells-angels-alentejo.com\/pt\/wp-json\/wp\/v2\/pages\/3102\/revisions"}],"predecessor-version":[{"id":4058,"href":"https:\/\/hells-angels-alentejo.com\/pt\/wp-json\/wp\/v2\/pages\/3102\/revisions\/4058"}],"wp:attachment":[{"href":"https:\/\/hells-angels-alentejo.com\/pt\/wp-json\/wp\/v2\/media?parent=3102"}],"curies":[{"name":"wp","href":"https:\/\/api.w.org\/{rel}","templated":true}]}}